{"id":558,"date":"2023-03-17T15:35:11","date_gmt":"2023-03-17T15:35:11","guid":{"rendered":"https:\/\/monicaesteticaavanzadayspa.es\/?page_id=558"},"modified":"2025-03-13T16:10:12","modified_gmt":"2025-03-13T16:10:12","slug":"formaciones","status":"publish","type":"page","link":"https:\/\/monicaesteticaavanzada.es\/index.php\/formaciones\/","title":{"rendered":"FORMACIONES"},"content":{"rendered":"\n<div class=\"wp-block-media-text alignwide is-stacked-on-mobile\" style=\"grid-template-columns:29% auto\"><figure class=\"wp-block-media-text__media\"><img loading=\"lazy\" decoding=\"async\" width=\"1024\" height=\"1024\" src=\"https:\/\/monicaesteticaavanzada.es\/wp-content\/uploads\/2025\/03\/Post-Instagram-Nueva-Temporada-Imagen-Verde-4-1024x1024.png\" alt=\"\" class=\"wp-image-740 size-full\" srcset=\"https:\/\/monicaesteticaavanzada.es\/wp-content\/uploads\/2025\/03\/Post-Instagram-Nueva-Temporada-Imagen-Verde-4-1024x1024.png 1024w, https:\/\/monicaesteticaavanzada.es\/wp-content\/uploads\/2025\/03\/Post-Instagram-Nueva-Temporada-Imagen-Verde-4-300x300.png 300w, https:\/\/monicaesteticaavanzada.es\/wp-content\/uploads\/2025\/03\/Post-Instagram-Nueva-Temporada-Imagen-Verde-4-150x150.png 150w, https:\/\/monicaesteticaavanzada.es\/wp-content\/uploads\/2025\/03\/Post-Instagram-Nueva-Temporada-Imagen-Verde-4-768x768.png 768w, https:\/\/monicaesteticaavanzada.es\/wp-content\/uploads\/2025\/03\/Post-Instagram-Nueva-Temporada-Imagen-Verde-4.png 1080w\" sizes=\"auto, (max-width: 1024px) 100vw, 1024px\" \/><\/figure><div class=\"wp-block-media-text__content\">\n<p class=\"has-medium-font-size\" style=\"font-style:normal;font-weight:600\">AD\u00c9NTRATE EN EL MUNDO DE LA EST\u00c9TICA<\/p>\n\n\n\n<p>Mi nombre es M\u00f3nica Alzate, llevo m\u00e1s de 10 a\u00f1os en el campo de la est\u00e9tica y 4 a\u00f1os como formadora.<\/p>\n\n\n\n<p>A lo largo de mi carrera he tenido la suerte de enriquecerme de conocimiento en diferentes academias tanto en Latinoam\u00e9rica como en Europa.<\/p>\n\n\n\n<p>Mi proyecto es compartir mi conocimiento para que puedan ejercer en el campo de la est\u00e9tica de la mejor manera y con los mejores resultados posibles.<\/p>\n<\/div><\/div>\n\n\n\n<div style=\"height:100px\" aria-hidden=\"true\" class=\"wp-block-spacer\"><\/div>\n","protected":false},"excerpt":{"rendered":"<p>AD\u00c9NTRATE EN EL MUNDO DE LA EST\u00c9TICA Mi nombre es M\u00f3nica Alzate, llevo m\u00e1s de 10 a\u00f1os en el campo de la est\u00e9tica y 4 a\u00f1os como formadora. A lo largo de mi carrera he tenido la suerte de enriquecerme de conocimiento en diferentes academias tanto en Latinoam\u00e9rica como en [&hellip;]<\/p>\n","protected":false},"author":1,"featured_media":263,"parent":0,"menu_order":0,"comment_status":"closed","ping_status":"closed","template":"","meta":{"footnotes":""},"class_list":["post-558","page","type-page","status-publish","has-post-thumbnail","hentry"],"_links":{"self":[{"href":"https:\/\/monicaesteticaavanzada.es\/index.php\/wp-json\/wp\/v2\/pages\/558","targetHints":{"allow":["GET"]}}],"collection":[{"href":"https:\/\/monicaesteticaavanzada.es\/index.php\/wp-json\/wp\/v2\/pages"}],"about":[{"href":"https:\/\/monicaesteticaavanzada.es\/index.php\/wp-json\/wp\/v2\/types\/page"}],"author":[{"embeddable":true,"href":"https:\/\/monicaesteticaavanzada.es\/index.php\/wp-json\/wp\/v2\/users\/1"}],"replies":[{"embeddable":true,"href":"https:\/\/monicaesteticaavanzada.es\/index.php\/wp-json\/wp\/v2\/comments?post=558"}],"version-history":[{"count":11,"href":"https:\/\/monicaesteticaavanzada.es\/index.php\/wp-json\/wp\/v2\/pages\/558\/revisions"}],"predecessor-version":[{"id":762,"href":"https:\/\/monicaesteticaavanzada.es\/index.php\/wp-json\/wp\/v2\/pages\/558\/revisions\/762"}],"wp:featuredmedia":[{"embeddable":true,"href":"https:\/\/monicaesteticaavanzada.es\/index.php\/wp-json\/wp\/v2\/media\/263"}],"wp:attachment":[{"href":"https:\/\/monicaesteticaavanzada.es\/index.php\/wp-json\/wp\/v2\/media?parent=558"}],"curies":[{"name":"wp","href":"https:\/\/api.w.org\/{rel}","templated":true}]}}