{"id":218,"date":"2023-02-20T15:32:20","date_gmt":"2023-02-20T15:32:20","guid":{"rendered":"https:\/\/monicaesteticaavanzadayspa.es\/index.php\/hestia-front\/"},"modified":"2026-04-04T08:10:17","modified_gmt":"2026-04-04T08:10:17","slug":"hestia-front","status":"publish","type":"page","link":"https:\/\/monicaesteticaavanzada.es\/","title":{"rendered":"INICIO"},"content":{"rendered":"\n<h2 class=\"wp-block-heading has-text-align-center custom-about\" id=\"about\" style=\"font-style:normal;font-weight:100\">M\u00d3NICA EST\u00c9TICA AVANZADA<\/h2>\n\n\n\n<h4 class=\"wp-block-heading has-text-align-center\" style=\"font-style:normal;font-weight:100\">LOS MEJORES TRATAMIENTOS FACIALES Y CORPORALES<\/h4>\n\n\n\n<p class=\"has-text-align-center has-black-color has-text-color has-small-font-size\">Somos profesionales, por eso hemos dise\u00f1ado un ambiente distendido en el que te puedas relajar totalmente mientras recibes de cuidadosas manos los mejores tratamientos para reponer a tu cuerpo y tu mente de las pesadas cargas de la rutina.<br><br>En M\u00f3nica Est\u00e9tica Avanzada encontrar\u00e1s un&nbsp;<strong>personal altamente cualificado<\/strong>, somos pioneras en&nbsp;<strong>maderoterapia y metaloterapia<\/strong>, profesionales en est\u00e9tica avanzada como&nbsp;<strong>plasma pen, micropunci\u00f3n<\/strong>&nbsp;y con dilatada experiencia dispuesto a ofrecerte los mejores tratamientos para que tu cuerpo luzca como nunca. Bien sea un tratamiento facial, corporal, aparatologia, depilaci\u00f3n l\u00e1ser, o un masaje revitalizante o terap\u00e9utico.<br><\/p>\n\n\n\n<div style=\"height:35px\" aria-hidden=\"true\" class=\"wp-block-spacer\"><\/div>\n\n\n\n<div style=\"height:15px\" aria-hidden=\"true\" class=\"wp-block-spacer\"><\/div>\n\n\n\n<h2 class=\"wp-block-heading alignfull has-text-align-center pw_divider_title has-text-color has-large-font-size\" style=\"color:#161102;font-style:normal;font-weight:100\"><em>Ded\u00edcate tiempo, invierte en tu salud y bienestar<\/em><\/h2>\n\n\n\n<div style=\"height:100px\" aria-hidden=\"true\" class=\"wp-block-spacer\"><\/div>\n\n\n\n<div class=\"wp-block-group pw_section_container has-background is-vertical is-content-justification-center is-layout-flex wp-container-core-group-is-layout-ce155fab wp-block-group-is-layout-flex\" style=\"background-color:#e6e6e659\">\n<h2 class=\"wp-block-heading has-text-align-center pw_section_title has-large-font-size\" id=\"centro\" style=\"font-style:normal;font-weight:100\">CONOCENOS<\/h2>\n\n\n\n<div class=\"wp-block-columns is-layout-flex wp-container-core-columns-is-layout-28f84493 wp-block-columns-is-layout-flex\">\n<div class=\"wp-block-column is-layout-flow wp-block-column-is-layout-flow\">\n<div class=\"wp-block-group is-vertical is-layout-flex wp-container-core-group-is-layout-fe9cc265 wp-block-group-is-layout-flex\">\n<div class=\"wp-block-group\"><div class=\"wp-block-group__inner-container is-layout-constrained wp-block-group-is-layout-constrained\">\n<div class=\"wp-block-group is-vertical is-content-justification-left is-layout-flex wp-container-core-group-is-layout-dd225191 wp-block-group-is-layout-flex\">\n<figure class=\"wp-block-image size-full\"><img loading=\"lazy\" decoding=\"async\" width=\"1000\" height=\"1000\" src=\"https:\/\/monicaesteticaavanzada.es\/wp-content\/uploads\/2023\/02\/82368ce0-4ae6-11ed-ac08-8907653c47ba-I4dI.jpeg\" alt=\"\" class=\"wp-image-240\" srcset=\"https:\/\/monicaesteticaavanzada.es\/wp-content\/uploads\/2023\/02\/82368ce0-4ae6-11ed-ac08-8907653c47ba-I4dI.jpeg 1000w, https:\/\/monicaesteticaavanzada.es\/wp-content\/uploads\/2023\/02\/82368ce0-4ae6-11ed-ac08-8907653c47ba-I4dI-300x300.jpeg 300w, https:\/\/monicaesteticaavanzada.es\/wp-content\/uploads\/2023\/02\/82368ce0-4ae6-11ed-ac08-8907653c47ba-I4dI-150x150.jpeg 150w, https:\/\/monicaesteticaavanzada.es\/wp-content\/uploads\/2023\/02\/82368ce0-4ae6-11ed-ac08-8907653c47ba-I4dI-768x768.jpeg 768w\" sizes=\"auto, (max-width: 1000px) 100vw, 1000px\" \/><\/figure>\n\n\n\n<div class=\"wp-block-group is-nowrap is-layout-flex wp-container-core-group-is-layout-6c531013 wp-block-group-is-layout-flex\">\n<h4 class=\"wp-block-heading has-black-color has-text-color has-medium-font-size\" style=\"font-style:normal;font-weight:200;text-transform:none\">PIONERAS EN METALOTERAPIA<\/h4>\n<\/div>\n\n\n\n<p class=\"has-small-font-size\" style=\"font-style:normal;font-weight:300\">Innovadora t\u00e9cnica colombiana, dise\u00f1ada para moldeamiento corporal, tratamientos de reducci\u00f3n, anticelul\u00edtico , tonificantes. Utilizando cremas inteligentes 100% naturales \u00a1Somos pioneras en Palma de Mallorca, adem\u00e1s de distribuidora oficial y formadora!<\/p>\n<\/div>\n<\/div><\/div>\n<\/div>\n<\/div>\n\n\n\n<div class=\"wp-block-column is-layout-flow wp-block-column-is-layout-flow\">\n<div class=\"wp-block-group is-vertical is-content-justification-left is-layout-flex wp-container-core-group-is-layout-dd225191 wp-block-group-is-layout-flex\">\n<figure class=\"wp-block-image size-full\"><img loading=\"lazy\" decoding=\"async\" width=\"1000\" height=\"1000\" src=\"https:\/\/monicaesteticaavanzada.es\/wp-content\/uploads\/2023\/02\/375e7d30-4aec-11ed-ac08-8907653c47ba-G3LW.jpeg\" alt=\"\" class=\"wp-image-241\" srcset=\"https:\/\/monicaesteticaavanzada.es\/wp-content\/uploads\/2023\/02\/375e7d30-4aec-11ed-ac08-8907653c47ba-G3LW.jpeg 1000w, https:\/\/monicaesteticaavanzada.es\/wp-content\/uploads\/2023\/02\/375e7d30-4aec-11ed-ac08-8907653c47ba-G3LW-300x300.jpeg 300w, https:\/\/monicaesteticaavanzada.es\/wp-content\/uploads\/2023\/02\/375e7d30-4aec-11ed-ac08-8907653c47ba-G3LW-150x150.jpeg 150w, https:\/\/monicaesteticaavanzada.es\/wp-content\/uploads\/2023\/02\/375e7d30-4aec-11ed-ac08-8907653c47ba-G3LW-768x768.jpeg 768w\" sizes=\"auto, (max-width: 1000px) 100vw, 1000px\" \/><\/figure>\n\n\n\n<h4 class=\"wp-block-heading has-black-color has-text-color has-link-color has-medium-font-size wp-elements-d4ffafe95d2b7576d195d36a5580d485\" style=\"font-style:normal;font-weight:200;text-transform:none\">EXPERTAS EN MADEROTERAPIA<\/h4>\n\n\n\n<p class=\"has-small-font-size\" style=\"font-style:normal;font-weight:300\">T\u00e9cnica dise\u00f1ada para tratamientos faciales y corporales, logrando resultados altamente positivos en est\u00e9tica en tratamientos reductores, anticelul\u00edticos, moldeadores, tonificantes, reafirmantes y de levantamiento de gl\u00fateos.<\/p>\n<\/div>\n<\/div>\n\n\n\n<div class=\"wp-block-column is-layout-flow wp-block-column-is-layout-flow\">\n<div class=\"wp-block-group is-vertical is-content-justification-left is-layout-flex wp-container-core-group-is-layout-dd225191 wp-block-group-is-layout-flex\">\n<figure class=\"wp-block-image size-large\"><img loading=\"lazy\" decoding=\"async\" width=\"1024\" height=\"1024\" src=\"https:\/\/monicaesteticaavanzada.es\/wp-content\/uploads\/2023\/03\/Post-Instagram-Nueva-Temporada-Imagen-Verde-1024x1024.png\" alt=\"\" class=\"wp-image-502\" srcset=\"https:\/\/monicaesteticaavanzada.es\/wp-content\/uploads\/2023\/03\/Post-Instagram-Nueva-Temporada-Imagen-Verde-1024x1024.png 1024w, https:\/\/monicaesteticaavanzada.es\/wp-content\/uploads\/2023\/03\/Post-Instagram-Nueva-Temporada-Imagen-Verde-300x300.png 300w, https:\/\/monicaesteticaavanzada.es\/wp-content\/uploads\/2023\/03\/Post-Instagram-Nueva-Temporada-Imagen-Verde-150x150.png 150w, https:\/\/monicaesteticaavanzada.es\/wp-content\/uploads\/2023\/03\/Post-Instagram-Nueva-Temporada-Imagen-Verde-768x768.png 768w, https:\/\/monicaesteticaavanzada.es\/wp-content\/uploads\/2023\/03\/Post-Instagram-Nueva-Temporada-Imagen-Verde.png 1080w\" sizes=\"auto, (max-width: 1024px) 100vw, 1024px\" \/><\/figure>\n\n\n\n<h4 class=\"wp-block-heading has-black-color has-text-color has-medium-font-size\" style=\"font-style:normal;font-weight:200;text-transform:none\">TRATAMIENTOS              POST-OPERATORIOS<\/h4>\n\n\n\n<p class=\"has-small-font-size\" style=\"font-style:normal;font-weight:300\">Expertas en casos post operatorios, personalizado y adecuados a cada necesidad del cliente. Lipoesculturas, abdominoplastias, mamoplastia, etc.<\/p>\n<\/div>\n<\/div>\n<\/div>\n\n\n\n<div class=\"wp-block-columns is-layout-flex wp-container-core-columns-is-layout-28f84493 wp-block-columns-is-layout-flex\">\n<div class=\"wp-block-column is-layout-flow wp-block-column-is-layout-flow\">\n<div class=\"wp-block-group is-vertical is-content-justification-left is-layout-flex wp-container-core-group-is-layout-dd225191 wp-block-group-is-layout-flex\">\n<figure class=\"wp-block-image size-full\"><img loading=\"lazy\" decoding=\"async\" width=\"1000\" height=\"1000\" src=\"https:\/\/monicaesteticaavanzada.es\/wp-content\/uploads\/2023\/02\/59206c90-4afa-11ed-ac08-8907653c47ba-LekK.jpeg\" alt=\"\" class=\"wp-image-246\" srcset=\"https:\/\/monicaesteticaavanzada.es\/wp-content\/uploads\/2023\/02\/59206c90-4afa-11ed-ac08-8907653c47ba-LekK.jpeg 1000w, https:\/\/monicaesteticaavanzada.es\/wp-content\/uploads\/2023\/02\/59206c90-4afa-11ed-ac08-8907653c47ba-LekK-300x300.jpeg 300w, https:\/\/monicaesteticaavanzada.es\/wp-content\/uploads\/2023\/02\/59206c90-4afa-11ed-ac08-8907653c47ba-LekK-150x150.jpeg 150w, https:\/\/monicaesteticaavanzada.es\/wp-content\/uploads\/2023\/02\/59206c90-4afa-11ed-ac08-8907653c47ba-LekK-768x768.jpeg 768w\" sizes=\"auto, (max-width: 1000px) 100vw, 1000px\" \/><\/figure>\n\n\n\n<h4 class=\"wp-block-heading has-black-color has-text-color has-medium-font-size\" style=\"font-style:normal;font-weight:200;text-transform:none\">TRATAMIENTOS ADAPTADOS<\/h4>\n\n\n\n<p class=\"has-small-font-size\" style=\"font-style:normal;font-weight:300\">Contamos con gran variedad de tratamientos y aparatolog\u00eda, para as\u00ed poder brindar el servicio que m\u00e1s se asemeje a la necesidad del cliente.<\/p>\n<\/div>\n<\/div>\n\n\n\n<div class=\"wp-block-column is-layout-flow wp-block-column-is-layout-flow\">\n<div class=\"wp-block-group is-vertical is-content-justification-left is-layout-flex wp-container-core-group-is-layout-dd225191 wp-block-group-is-layout-flex\">\n<figure class=\"wp-block-image size-full\"><img loading=\"lazy\" decoding=\"async\" width=\"1080\" height=\"1080\" src=\"https:\/\/monicaesteticaavanzada.es\/wp-content\/uploads\/2024\/06\/Copia-de-Post-Instagram-Nueva-Temporada-Imagen-Verde.png\" alt=\"\" class=\"wp-image-668\" srcset=\"https:\/\/monicaesteticaavanzada.es\/wp-content\/uploads\/2024\/06\/Copia-de-Post-Instagram-Nueva-Temporada-Imagen-Verde.png 1080w, https:\/\/monicaesteticaavanzada.es\/wp-content\/uploads\/2024\/06\/Copia-de-Post-Instagram-Nueva-Temporada-Imagen-Verde-300x300.png 300w, https:\/\/monicaesteticaavanzada.es\/wp-content\/uploads\/2024\/06\/Copia-de-Post-Instagram-Nueva-Temporada-Imagen-Verde-1024x1024.png 1024w, https:\/\/monicaesteticaavanzada.es\/wp-content\/uploads\/2024\/06\/Copia-de-Post-Instagram-Nueva-Temporada-Imagen-Verde-150x150.png 150w, https:\/\/monicaesteticaavanzada.es\/wp-content\/uploads\/2024\/06\/Copia-de-Post-Instagram-Nueva-Temporada-Imagen-Verde-768x768.png 768w\" sizes=\"auto, (max-width: 1080px) 100vw, 1080px\" \/><\/figure>\n\n\n\n<h4 class=\"wp-block-heading has-black-color has-text-color has-medium-font-size\" style=\"font-style:normal;font-weight:200;text-transform:none\">TRATAMIENTOS FACIALES<\/h4>\n\n\n\n<p class=\"has-small-font-size\" style=\"font-style:normal;font-weight:300\">Variedad de tratamientos para las necesidades de tu piel, deshidrataci\u00f3n, brindar luminosidad, perdida de elasticidad, marcas de acn\u00e9 y pigmentaciones, entre otros. Trabajamos con primeras marcas como Germaine de Capuccini y Utsukusy<\/p>\n<\/div>\n<\/div>\n\n\n\n<div class=\"wp-block-column is-layout-flow wp-block-column-is-layout-flow\">\n<div class=\"wp-block-group is-vertical is-content-justification-left is-layout-flex wp-container-core-group-is-layout-dd225191 wp-block-group-is-layout-flex\">\n<figure class=\"wp-block-gallery has-nested-images columns-default is-cropped wp-block-gallery-1 is-layout-flex wp-block-gallery-is-layout-flex\">\n<figure class=\"wp-block-image size-full\"><img loading=\"lazy\" decoding=\"async\" width=\"1080\" height=\"1080\" data-id=\"738\" src=\"https:\/\/monicaesteticaavanzada.es\/wp-content\/uploads\/2025\/03\/Post-Instagram-Nueva-Temporada-Imagen-Verde-2.png\" alt=\"\" class=\"wp-image-738\" srcset=\"https:\/\/monicaesteticaavanzada.es\/wp-content\/uploads\/2025\/03\/Post-Instagram-Nueva-Temporada-Imagen-Verde-2.png 1080w, https:\/\/monicaesteticaavanzada.es\/wp-content\/uploads\/2025\/03\/Post-Instagram-Nueva-Temporada-Imagen-Verde-2-300x300.png 300w, https:\/\/monicaesteticaavanzada.es\/wp-content\/uploads\/2025\/03\/Post-Instagram-Nueva-Temporada-Imagen-Verde-2-1024x1024.png 1024w, https:\/\/monicaesteticaavanzada.es\/wp-content\/uploads\/2025\/03\/Post-Instagram-Nueva-Temporada-Imagen-Verde-2-150x150.png 150w, https:\/\/monicaesteticaavanzada.es\/wp-content\/uploads\/2025\/03\/Post-Instagram-Nueva-Temporada-Imagen-Verde-2-768x768.png 768w\" sizes=\"auto, (max-width: 1080px) 100vw, 1080px\" \/><\/figure>\n<\/figure>\n\n\n\n<h4 class=\"wp-block-heading has-black-color has-text-color has-medium-font-size\" style=\"font-style:normal;font-weight:200;text-transform:none\">APARATOLOG\u00cdA EST\u00c9TICA<\/h4>\n\n\n\n<p class=\"has-small-font-size\" style=\"font-style:normal;font-weight:300\">Aparatolog\u00eda avanzada, totalmente segura e indolora, nuestro equipo est\u00e1 totalmente capacitado para su uso y as\u00ed maximizar resultados.<\/p>\n<\/div>\n<\/div>\n<\/div>\n\n\n\n<div class=\"wp-block-columns is-layout-flex wp-container-core-columns-is-layout-28f84493 wp-block-columns-is-layout-flex\">\n<div class=\"wp-block-column is-layout-flow wp-block-column-is-layout-flow\">\n<div class=\"wp-block-group is-vertical is-content-justification-left is-layout-flex wp-container-core-group-is-layout-dd225191 wp-block-group-is-layout-flex\">\n<figure class=\"wp-block-image size-full\"><img loading=\"lazy\" decoding=\"async\" width=\"1080\" height=\"1080\" src=\"https:\/\/monicaesteticaavanzada.es\/wp-content\/uploads\/2025\/03\/Post-Instagram-Nueva-Temporada-Imagen-Verde-3.png\" alt=\"\" class=\"wp-image-737\" srcset=\"https:\/\/monicaesteticaavanzada.es\/wp-content\/uploads\/2025\/03\/Post-Instagram-Nueva-Temporada-Imagen-Verde-3.png 1080w, https:\/\/monicaesteticaavanzada.es\/wp-content\/uploads\/2025\/03\/Post-Instagram-Nueva-Temporada-Imagen-Verde-3-300x300.png 300w, https:\/\/monicaesteticaavanzada.es\/wp-content\/uploads\/2025\/03\/Post-Instagram-Nueva-Temporada-Imagen-Verde-3-1024x1024.png 1024w, https:\/\/monicaesteticaavanzada.es\/wp-content\/uploads\/2025\/03\/Post-Instagram-Nueva-Temporada-Imagen-Verde-3-150x150.png 150w, https:\/\/monicaesteticaavanzada.es\/wp-content\/uploads\/2025\/03\/Post-Instagram-Nueva-Temporada-Imagen-Verde-3-768x768.png 768w\" sizes=\"auto, (max-width: 1080px) 100vw, 1080px\" \/><\/figure>\n\n\n\n<h4 class=\"wp-block-heading has-black-color has-text-color has-medium-font-size\" style=\"font-style:normal;font-weight:200;text-transform:none\">REMODELAMIENTO CORPORAL<\/h4>\n\n\n\n<p class=\"has-small-font-size\" style=\"font-style:normal;font-weight:300\">Nuestro objetivo es sacar tu mejor versi\u00f3n, tenemos un amplio cat\u00e1logo de masajes, drenaje linf\u00e1tico, drenaje brasile\u00f1o, masajes reductores, adaptados siempre a tu necesidad y objetivo.<\/p>\n<\/div>\n<\/div>\n\n\n\n<div class=\"wp-block-column is-layout-flow wp-block-column-is-layout-flow\">\n<div class=\"wp-block-group is-vertical is-content-justification-left is-layout-flex wp-container-core-group-is-layout-dd225191 wp-block-group-is-layout-flex\">\n<figure class=\"wp-block-image size-full\"><img loading=\"lazy\" decoding=\"async\" width=\"1080\" height=\"1080\" src=\"https:\/\/monicaesteticaavanzada.es\/wp-content\/uploads\/2025\/03\/Post-Instagram-Nueva-Temporada-Imagen-Verde-1.png\" alt=\"\" class=\"wp-image-739\" srcset=\"https:\/\/monicaesteticaavanzada.es\/wp-content\/uploads\/2025\/03\/Post-Instagram-Nueva-Temporada-Imagen-Verde-1.png 1080w, https:\/\/monicaesteticaavanzada.es\/wp-content\/uploads\/2025\/03\/Post-Instagram-Nueva-Temporada-Imagen-Verde-1-300x300.png 300w, https:\/\/monicaesteticaavanzada.es\/wp-content\/uploads\/2025\/03\/Post-Instagram-Nueva-Temporada-Imagen-Verde-1-1024x1024.png 1024w, https:\/\/monicaesteticaavanzada.es\/wp-content\/uploads\/2025\/03\/Post-Instagram-Nueva-Temporada-Imagen-Verde-1-150x150.png 150w, https:\/\/monicaesteticaavanzada.es\/wp-content\/uploads\/2025\/03\/Post-Instagram-Nueva-Temporada-Imagen-Verde-1-768x768.png 768w\" sizes=\"auto, (max-width: 1080px) 100vw, 1080px\" \/><\/figure>\n\n\n\n<h4 class=\"wp-block-heading has-black-color has-text-color has-medium-font-size\" style=\"font-style:normal;font-weight:200;text-transform:none\">EST\u00c9TICA AVANZADA<\/h4>\n\n\n\n<p class=\"has-small-font-size\" style=\"font-style:normal;font-weight:300\">Nuestro equipo ofrece tratamientos de est\u00e9tica avanzada, como son plasma pen, radiofrecuencia fraccionada, microneedling o dermapen, depilaci\u00f3n l\u00e1ser entre otros. Obten tu mejor versi\u00f3n, en manos profesionales.<\/p>\n<\/div>\n<\/div>\n\n\n\n<div class=\"wp-block-column is-layout-flow wp-block-column-is-layout-flow\">\n<div class=\"wp-block-group is-vertical is-content-justification-left is-layout-flex wp-container-core-group-is-layout-dd225191 wp-block-group-is-layout-flex\">\n<figure class=\"wp-block-gallery has-nested-images columns-default is-cropped wp-block-gallery-2 is-layout-flex wp-block-gallery-is-layout-flex\">\n<figure class=\"wp-block-image size-full\"><img loading=\"lazy\" decoding=\"async\" width=\"1080\" height=\"1080\" data-id=\"740\" src=\"https:\/\/monicaesteticaavanzada.es\/wp-content\/uploads\/2025\/03\/Post-Instagram-Nueva-Temporada-Imagen-Verde-4.png\" alt=\"\" class=\"wp-image-740\" srcset=\"https:\/\/monicaesteticaavanzada.es\/wp-content\/uploads\/2025\/03\/Post-Instagram-Nueva-Temporada-Imagen-Verde-4.png 1080w, https:\/\/monicaesteticaavanzada.es\/wp-content\/uploads\/2025\/03\/Post-Instagram-Nueva-Temporada-Imagen-Verde-4-300x300.png 300w, https:\/\/monicaesteticaavanzada.es\/wp-content\/uploads\/2025\/03\/Post-Instagram-Nueva-Temporada-Imagen-Verde-4-1024x1024.png 1024w, https:\/\/monicaesteticaavanzada.es\/wp-content\/uploads\/2025\/03\/Post-Instagram-Nueva-Temporada-Imagen-Verde-4-150x150.png 150w, https:\/\/monicaesteticaavanzada.es\/wp-content\/uploads\/2025\/03\/Post-Instagram-Nueva-Temporada-Imagen-Verde-4-768x768.png 768w\" sizes=\"auto, (max-width: 1080px) 100vw, 1080px\" \/><\/figure>\n<\/figure>\n\n\n\n<h4 class=\"wp-block-heading has-black-color has-text-color has-medium-font-size\" style=\"font-style:normal;font-weight:200;text-transform:none\">FORMACIONES<\/h4>\n\n\n\n<p class=\"has-small-font-size\" style=\"font-style:normal;font-weight:300\">Realizamos formaciones en todo el campo de la est\u00e9tica y adem\u00e1s contamos con sistema de financiaci\u00f3n \u00a1A que estas esperando para emprender!<\/p>\n<\/div>\n<\/div>\n<\/div>\n<\/div>\n","protected":false},"excerpt":{"rendered":"<p>M\u00d3NICA EST\u00c9TICA AVANZADA LOS MEJORES TRATAMIENTOS FACIALES Y CORPORALES Somos profesionales, por eso hemos dise\u00f1ado un ambiente distendido en el que te puedas relajar totalmente mientras recibes de cuidadosas manos los mejores tratamientos para reponer a tu cuerpo y tu mente de las pesadas cargas de la rutina. En M\u00f3nica [&hellip;]<\/p>\n","protected":false},"author":1,"featured_media":0,"parent":0,"menu_order":0,"comment_status":"closed","ping_status":"closed","template":"","meta":{"footnotes":""},"class_list":["post-218","page","type-page","status-publish","hentry"],"_links":{"self":[{"href":"https:\/\/monicaesteticaavanzada.es\/index.php\/wp-json\/wp\/v2\/pages\/218","targetHints":{"allow":["GET"]}}],"collection":[{"href":"https:\/\/monicaesteticaavanzada.es\/index.php\/wp-json\/wp\/v2\/pages"}],"about":[{"href":"https:\/\/monicaesteticaavanzada.es\/index.php\/wp-json\/wp\/v2\/types\/page"}],"author":[{"embeddable":true,"href":"https:\/\/monicaesteticaavanzada.es\/index.php\/wp-json\/wp\/v2\/users\/1"}],"replies":[{"embeddable":true,"href":"https:\/\/monicaesteticaavanzada.es\/index.php\/wp-json\/wp\/v2\/comments?post=218"}],"version-history":[{"count":78,"href":"https:\/\/monicaesteticaavanzada.es\/index.php\/wp-json\/wp\/v2\/pages\/218\/revisions"}],"predecessor-version":[{"id":792,"href":"https:\/\/monicaesteticaavanzada.es\/index.php\/wp-json\/wp\/v2\/pages\/218\/revisions\/792"}],"wp:attachment":[{"href":"https:\/\/monicaesteticaavanzada.es\/index.php\/wp-json\/wp\/v2\/media?parent=218"}],"curies":[{"name":"wp","href":"https:\/\/api.w.org\/{rel}","templated":true}]}}